{"id":748,"date":"2025-01-09T12:53:55","date_gmt":"2025-01-09T11:53:55","guid":{"rendered":"https:\/\/intap-network.de\/relocation\/"},"modified":"2025-09-03T13:17:03","modified_gmt":"2025-09-03T11:17:03","slug":"relocation-service-fuer-unternehmen-und-fachkraefte","status":"publish","type":"page","link":"https:\/\/intap-network.de\/de\/relocation-service-fuer-unternehmen-und-fachkraefte\/","title":{"rendered":"Relocation"},"content":{"rendered":"<div class=\"intap-header\">\n\n\n<div class=\"kb-row-layout-wrap alignfull marginbottom\">\n\t<div class=\"kt-row-column-wrap\">\n\t\t\t\t\t<div id=\"relocation\" class=\"lottie-ani\"><\/div>\n\t\t\t\t<div class=\"wp-block-kadence-column\">\n\t\t<div class=\"kt-inside-inner-col\">\n\t\t<h1><span>Ankommen.<\/span><br \/>\r\nBegleiten.<br \/>\r\n<span>Zuhause<\/span> f\u00fchlen.<\/h1>\n\t\t<\/div>\n\t\t<\/div>\n\t<\/div>\n<\/div>\n\n<\/div>\n\n\n\n\n\n\n<h2 class=\"wp-block-heading is-style-likeh1\">Alles aus einer Hand \u2013 <mark style=\"background-color:rgba(0, 0, 0, 0)\" class=\"has-inline-color has-theme-palette-4-color\">kompetenter Relocation-<\/mark>Service aus Sachsen<\/h2>\n\n\n\n<p>Wir realisieren alle Dienstleistungen rund um die Entsendung von Mitarbeitern oder Neueinstellungen aus dem Ausland bzw. von anderen Standorten. Ein Neustart ist mit vielen Details verbunden, die bereits fr\u00fchzeitig geplant werden m\u00fcssen, so dass der Wechsel gut gelingt. Damit ihr dabei nicht den \u00dcberblick verliert oder viel Zeit f\u00fcr Details aufwenden m\u00fcsst, garantieren wir das Wohlbefinden eurer Mitarbeiter am und au\u00dferhalb des Arbeitsplatzes.<\/p>\n\n\n\n<h3 class=\"wp-block-heading is-style-likeh2\">Individuelle L\u00f6sungen f\u00fcr eure Mitarbeiter<\/h3>\n\n\n\n<p>Aus unserem breiten Angebot k\u00f6nnt ihr die Services w\u00e4hlen, die eure Mitarbeiter ben\u00f6tigen. So stellen wir sicher, dass sie sich vom ersten Tag an auf ihre Arbeit fokussieren k\u00f6nnen und weniger Aufwand mit administrativen und organisatorischen Aufgaben haben. Gerne unterst\u00fctzen wir bei der Planung und Zusammenstellung des richtigen Angebotes.<\/p>\n\n\n\n<h3 class=\"wp-block-heading is-style-likeh2\">Wir beraten f\u00fcr den besten Start in Sachsen<\/h3>\n\n\n\n<p>Mit unserem Partner-Netzwerk garantieren wir die bestm\u00f6glichen Abl\u00e4ufe und beraten zu allen Themen rund um die Ankunft eurer neuen Mitarbeiter und dar\u00fcber hinaus \u2013 bei der Integration in das neue Leben in Deutschland. Damit aus dem erstklassigen Ankommen auch ein langfristiges Bleiben wird. Gemeinsam finden wir heraus was euch und euren Mitarbeitern wichtig ist und beraten euch w\u00e4hrend der gesamten Relocation-Journey mit umfassender Expertise.<\/p>\n\n\n\n<figure class=\"wp-block-image size-full is-style-default\"><img loading=\"lazy\" decoding=\"async\" width=\"780\" height=\"432\" src=\"https:\/\/intap-network.de\/wp-content\/uploads\/2025\/03\/202503_relocation_dresden_01.jpg\" alt=\"\" class=\"wp-image-332\" srcset=\"https:\/\/intap-network.de\/wp-content\/uploads\/2025\/03\/202503_relocation_dresden_01.jpg 780w, https:\/\/intap-network.de\/wp-content\/uploads\/2025\/03\/202503_relocation_dresden_01-300x166.jpg 300w, https:\/\/intap-network.de\/wp-content\/uploads\/2025\/03\/202503_relocation_dresden_01-768x425.jpg 768w\" sizes=\"auto, (max-width: 780px) 100vw, 780px\" \/><\/figure>\n\n\n\n<h3 class=\"wp-block-heading is-style-likeh2\">Relocation startet vor der Abreise ins neue Leben \u2013 wir bieten f\u00fcr jede Phase die richtige Begleitung<\/h3>\n\n\n\n<p>Unser Serviceangebot bietet bereits vor der Abreise die passende Unterst\u00fctzung und h\u00e4lt viele Angebote f\u00fcr das Leben und die Integration hier vor Ort parat.<br><strong>Ihr wollt eine Schritt-f\u00fcr-Schritt-Relocation-Checkliste? Ladet jetzt unseren <a href=\"https:\/\/intap-network.de\/de\/relocation-service-fuer-unternehmen-und-fachkraefte\/download-handbook\/\" data-type=\"page\" data-id=\"771\">kostenlosen Guide<\/a> herunter!<\/strong><\/p>\n\n\n\n<div style=\"height:60px\" aria-hidden=\"true\" class=\"wp-block-spacer\"><\/div>\n\n\n<div class=\"intap-overview\">\n\n<div class=\"kb-row-layout-wrap alignfull\">\n<div class=\"kt-row-column-wrap\">\n\t<h2 class=\"is-style-likeh1\"><span>\u00dcberblick<\/span> \u00fcber unsere Dienstleistungen*<\/h2>\n\t\n\t\t<div id=\"owl-carousel\" class=\"owl-carousel\">\n\t\t\t    \n\t\t\t<div class=\"overview-tile\">\n\t\t\t\t<div class=\"overview-head\">\n\t\t\t\t\t\t\t\t\t\t\t\t\t\t\t\t<div class=\"icon\" style=\"background-image: url(https:\/\/intap-network.de\/wp-content\/themes\/intap-network\/images\/svg\/icon_visa-immigration_white.svg);\"><\/div>\n\t\t\t\t\t\t\t\t<h3>Visa &amp; Aufenthalt<\/h3>\n\t\t\t\t<\/div>\n\t\t\t\t<div class=\"overview-info\">\n\t\t\t\t<ul>\n<li>Unterst\u00fctzung bei der Visa-Beantragung<\/li>\n<li>Unterst\u00fctzung bei Beantragung des Aufenthaltstitels<\/li>\n<li>Terminkoordination<\/li>\n<li>Abholung von Dokumenten<\/li>\n<\/ul>\n\t\t\t\t<\/div>\n\t\t\t<\/div>\n\t\t\t    \n\t\t\t<div class=\"overview-tile\">\n\t\t\t\t<div class=\"overview-head\">\n\t\t\t\t\t\t\t\t\t\t\t\t\t\t\t\t<div class=\"icon\" style=\"background-image: url(https:\/\/intap-network.de\/wp-content\/themes\/intap-network\/images\/svg\/icon_formalities_white.svg);\"><\/div>\n\t\t\t\t\t\t\t\t<h3>Formalit\u00e4ten<\/h3>\n\t\t\t\t<\/div>\n\t\t\t\t<div class=\"overview-info\">\n\t\t\t\t<ul>\n<li>Anmeldung bei der Stadt<\/li>\n<li>Er\u00f6ffnung Bankkonto<\/li>\n<li>Anmeldung Krankenkasse<\/li>\n<li>Anmeldung von Tieren, Autos, etc.<\/li>\n<li>Umtausch der Fahrerlaubnis<\/li>\n<\/ul>\n\t\t\t\t<\/div>\n\t\t\t<\/div>\n\t\t\t    \n\t\t\t<div class=\"overview-tile\">\n\t\t\t\t<div class=\"overview-head\">\n\t\t\t\t\t\t\t\t\t\t\t\t\t\t\t\t<div class=\"icon\" style=\"background-image: url(https:\/\/intap-network.de\/wp-content\/themes\/intap-network\/images\/svg\/icon_housing_white.svg);\"><\/div>\n\t\t\t\t\t\t\t\t<h3>Wohnungssuche<\/h3>\n\t\t\t\t<\/div>\n\t\t\t\t<div class=\"overview-info\">\n\t\t\t\t<ul>\n<li>Suche nach geeigneten Apartments<\/li>\n<li>Terminkoordination<\/li>\n<li>Unterst\u00fctzung bei der Bewerbung<\/li>\n<li>Mietvertragspr\u00fcfung<\/li>\n<li>Begleitete \u00dcbergabe<\/li>\n<li>Recherche f\u00fcr Umzugsangebote<\/li>\n<li>Unterst\u00fctzung bei Umzugsabwicklung<\/li>\n<\/ul>\n\t\t\t\t<\/div>\n\t\t\t<\/div>\n\t\t\t    \n\t\t\t<div class=\"overview-tile\">\n\t\t\t\t<div class=\"overview-head\">\n\t\t\t\t\t\t\t\t\t\t\t\t\t\t\t\t<div class=\"icon\" style=\"background-image: url(https:\/\/intap-network.de\/wp-content\/themes\/intap-network\/images\/svg\/icon_utilities_white.svg);\"><\/div>\n\t\t\t\t\t\t\t\t<h3>Versorgungsleistungen<\/h3>\n\t\t\t\t<\/div>\n\t\t\t\t<div class=\"overview-info\">\n\t\t\t\t<ul>\n<li>Unterst\u00fctzung bei Auswahl Medienanschl\u00fcsse<\/li>\n<li>Unterst\u00fctzung bei Auswahl Stromversorger<\/li>\n<li>Anmeldung GEZ<\/li>\n<\/ul>\n\t\t\t\t<\/div>\n\t\t\t<\/div>\n\t\t\t    \n\t\t\t<div class=\"overview-tile\">\n\t\t\t\t<div class=\"overview-head\">\n\t\t\t\t\t\t\t\t\t\t\t\t\t\t\t\t<div class=\"icon\" style=\"background-image: url(https:\/\/intap-network.de\/wp-content\/themes\/intap-network\/images\/svg\/icon_family-orientation_white.svg);\"><\/div>\n\t\t\t\t\t\t\t\t<h3>Familie &amp; Integration<\/h3>\n\t\t\t\t<\/div>\n\t\t\t\t<div class=\"overview-info\">\n\t\t\t\t<ul>\n<li>Interkulturelle Trainings<\/li>\n<li>Look-See Trip<\/li>\n<li>Unterst\u00fctzung f\u00fcr Schule &amp; Kindergarten<\/li>\n<li>Sprachkurse<\/li>\n<li>Unterst\u00fctzung Beantragung Kindergeld<\/li>\n<li>Karriere-Coaching<\/li>\n<\/ul>\n\t\t\t\t<\/div>\n\t\t\t<\/div>\n\t\t\t    \n\t\t\t<div class=\"overview-tile\">\n\t\t\t\t<div class=\"overview-head\">\n\t\t\t\t\t\t\t\t\t\t\t\t\t\t\t\t<div class=\"icon\" style=\"background-image: url(https:\/\/intap-network.de\/wp-content\/themes\/intap-network\/images\/svg\/icon_departure_white.svg);\"><\/div>\n\t\t\t\t\t\t\t\t<h3>Abreise<\/h3>\n\t\t\t\t<\/div>\n\t\t\t\t<div class=\"overview-info\">\n\t\t\t\t<ul>\n<li>Vertragsmanagement<\/li>\n<li>Abmeldung Beh\u00f6rden, Kindergarten, Schule, etc.<\/li>\n<li>Unterst\u00fctzung bei Umzugsabwicklung<\/li>\n<\/ul>\n\t\t\t\t<\/div>\n\t\t\t<\/div>\n\t\t\t<\/div>\n\t\t\n\n\t\n\n<\/div>\n<\/div>\n\n<\/div>\n\n<style>.kb-row-layout-id748_060bf7-65 > .kt-row-column-wrap{align-content:start;}:where(.kb-row-layout-id748_060bf7-65 > .kt-row-column-wrap) > .wp-block-kadence-column{justify-content:start;}.kb-row-layout-id748_060bf7-65 > .kt-row-column-wrap{column-gap:var(--global-kb-gap-md, 2rem);row-gap:var(--global-kb-gap-md, 2rem);grid-template-columns:minmax(0, 1fr);}.kb-row-layout-id748_060bf7-65 > .kt-row-layout-overlay{opacity:0.30;}@media all and (max-width: 1024px){.kb-row-layout-id748_060bf7-65 > .kt-row-column-wrap{grid-template-columns:minmax(0, 1fr);}}@media all and (max-width: 767px){.kb-row-layout-id748_060bf7-65 > .kt-row-column-wrap{grid-template-columns:minmax(0, 1fr);}}<\/style><div class=\"kb-row-layout-wrap kb-row-layout-id748_060bf7-65 alignwide wp-block-kadence-rowlayout\"><div class=\"kt-row-column-wrap kt-has-1-columns kt-row-layout-equal kt-tab-layout-inherit kt-mobile-layout-row kt-row-valign-top\">\n<style>.kadence-column748_076c56-44 > .kt-inside-inner-col,.kadence-column748_076c56-44 > .kt-inside-inner-col:before{border-top-left-radius:0px;border-top-right-radius:0px;border-bottom-right-radius:0px;border-bottom-left-radius:0px;}.kadence-column748_076c56-44 > .kt-inside-inner-col{column-gap:var(--global-kb-gap-sm, 1rem);}.kadence-column748_076c56-44 > .kt-inside-inner-col{flex-direction:column;}.kadence-column748_076c56-44 > .kt-inside-inner-col > .aligncenter{width:100%;}.kadence-column748_076c56-44 > .kt-inside-inner-col:before{opacity:0.3;}.kadence-column748_076c56-44{position:relative;}@media all and (max-width: 1024px){.kadence-column748_076c56-44 > .kt-inside-inner-col{flex-direction:column;justify-content:center;}}@media all and (max-width: 767px){.kadence-column748_076c56-44 > .kt-inside-inner-col{flex-direction:column;justify-content:center;}}<\/style>\n<div class=\"wp-block-kadence-column kadence-column748_076c56-44\"><div class=\"kt-inside-inner-col\">\n<p class=\"has-small-font-size\">*In Anlehnung an die Regelungen des Rechtsberatungs- und Dienstleistungsgesetzes (RDG, \u00a7 2 Abs. 1) verzichten unsere Dienste auf jegliche Form der Rechtsberatung.<\/p>\n<\/div><\/div>\n\n<\/div><\/div>\n\n\n<div style=\"height:50px\" aria-hidden=\"true\" class=\"wp-block-spacer\"><\/div>\n\n\n<div class=\"intap-quoteslider\">\n\n<div class=\"kb-row-layout-wrap alignfull\">\n<div class=\"kt-row-column-wrap\">\n\t\t\t<h2><span>Der beste<\/span> Relocation-Service f\u00fcr Unternehmen und Mitarbeitende. <\/h2>\n\t\n\t<div class=\"owl-carousel\">\n\t\t\t\t\t\t    \n\t\t\t\t<div>\n\t\t\t\t\t<div class=\"qs-grid\">\n\t\t\t\t\t\t<div class=\"portrait\">\n\t\t\t\t\t\t\t<div class=\"imgwrap\">\n\t\t\t\t\t\t\t\t\t\t\t\t\t\t<img decoding=\"async\" src=\"https:\/\/intap-network.de\/wp-content\/uploads\/2025\/01\/quoteslider_test01.png\" alt=\"\" \/>\n\t\t\t\t\t\t\t<\/div>\n\t\t\t\t\t\t<\/div>\n\t\t\t\t\t\t\n\t\t\t\t\t\t<div class=\"info\">\n\t\t\t\t\t\t\t<blockquote>\n\t\t\t\t\t\t\t\t<p>Der Service von intap ist eine gro\u00dfe Unterst\u00fctzung f\u00fcr unser Unternehmen bei der Rekrutierung von internationalen Talenten. Die Zusammenarbeit funktioniert \u00fcber alle Kommunikationskan\u00e4le hinweg einwandfrei und auch auf individuelle Anforderungen wird stets hervorragend eingegangen. Wir bedanken uns beim gesamten intap-Team f\u00fcr die schnelle und l\u00f6sungsorientierte Hilfe in allen Belangen.<\/p>\n\t\t\t\t\t\t\t\t<cite>\n\t\t\t\t\t\t\t\t\t<span class=\"name\">Heidi Rudolph<\/span>\n\t\t\t\t\t\t\t\t\t<span class=\"info\">Employee Relationship Manager, NTT DATA Business Solutions Global Managed Services GmbH<\/span>\n\t\t\t\t\t\t\t\t<\/cite>\n\t\t\t\t\t\t\t<\/blockquote>\n\t\t\t\t\t\t<\/div>\n\t\t\t\t\t<\/div>\n\t\t\t\t<\/div>\n\t\t\t\t    \n\t\t\t\t<div>\n\t\t\t\t\t<div class=\"qs-grid\">\n\t\t\t\t\t\t<div class=\"portrait\">\n\t\t\t\t\t\t\t<div class=\"imgwrap\">\n\t\t\t\t\t\t\t\t\t\t\t\t\t\t<img decoding=\"async\" src=\"https:\/\/intap-network.de\/wp-content\/uploads\/2025\/04\/quote_thomas_sachsenenergie_relocation_testimonial_01.png\" alt=\"\" \/>\n\t\t\t\t\t\t\t<\/div>\n\t\t\t\t\t\t<\/div>\n\t\t\t\t\t\t\n\t\t\t\t\t\t<div class=\"info\">\n\t\t\t\t\t\t\t<blockquote>\n\t\t\t\t\t\t\t\t<p>Bei SachsenEnergie hat die Integration neuer Mitarbeitender h\u00f6chste Priorit\u00e4t, besonders internationaler Fachkr\u00e4fte. Die Zusammenarbeit mit intap war eine ausgezeichnete Entscheidung. Ihr Wissen \u00fcber Sachsen und ihr engagierter Ansatz sorgten f\u00fcr einen reibungslosen Relocation-Prozess \u2013 von administrativen Aufgaben bis zur Wohnungs\u00fcbergabe. So konnte unser neuer Mitarbeitender sich ab dem ersten Tag auf seine Aufgaben konzentrieren.<\/p>\n\t\t\t\t\t\t\t\t<cite>\n\t\t\t\t\t\t\t\t\t<span class=\"name\">Thomas Richter<\/span>\n\t\t\t\t\t\t\t\t\t<span class=\"info\">Board Secretary, Sachsen Energie AG<\/span>\n\t\t\t\t\t\t\t\t<\/cite>\n\t\t\t\t\t\t\t<\/blockquote>\n\t\t\t\t\t\t<\/div>\n\t\t\t\t\t<\/div>\n\t\t\t\t<\/div>\n\t\t\t\t    \n\t\t\t\t<div>\n\t\t\t\t\t<div class=\"qs-grid\">\n\t\t\t\t\t\t<div class=\"portrait\">\n\t\t\t\t\t\t\t<div class=\"imgwrap\">\n\t\t\t\t\t\t\t\t\t\t\t\t\t\t<img decoding=\"async\" src=\"https:\/\/intap-network.de\/wp-content\/uploads\/2025\/04\/quote_bart_novaled_relocation_testimonial_01.png\" alt=\"\" \/>\n\t\t\t\t\t\t\t<\/div>\n\t\t\t\t\t\t<\/div>\n\t\t\t\t\t\t\n\t\t\t\t\t\t<div class=\"info\">\n\t\t\t\t\t\t\t<blockquote>\n\t\t\t\t\t\t\t\t<p>intap machte meine Relocation von Westdeutschland nach Dresden reibungslos und stressfrei. Sie organisierten Wohnungsbesichtigungen, halfen bei \u00dcbersetzungen, pr\u00fcften meine Dokumente, erledigten die Anmeldung und empfahlen Stromanbieter. Vor intap blieben meine Anfragen erfolglos, doch sie sicherten Termine. Ihre Unterst\u00fctzung machte den gesamten Prozess einfach und angenehm.<\/p>\n\t\t\t\t\t\t\t\t<cite>\n\t\t\t\t\t\t\t\t\t<span class=\"name\">Bart\u0142omiej Ku\u015b<\/span>\n\t\t\t\t\t\t\t\t\t<span class=\"info\">Full Stack Developer, Company in Dresden<\/span>\n\t\t\t\t\t\t\t\t<\/cite>\n\t\t\t\t\t\t\t<\/blockquote>\n\t\t\t\t\t\t<\/div>\n\t\t\t\t\t<\/div>\n\t\t\t\t<\/div>\n\t\t\t\t    \n\t\t\t\t<div>\n\t\t\t\t\t<div class=\"qs-grid\">\n\t\t\t\t\t\t<div class=\"portrait\">\n\t\t\t\t\t\t\t<div class=\"imgwrap\">\n\t\t\t\t\t\t\t\t\t\t\t\t\t\t<img decoding=\"async\" src=\"https:\/\/intap-network.de\/wp-content\/uploads\/2025\/04\/quote_regina_staffbase_relocation_testimonial_01.png\" alt=\"\" \/>\n\t\t\t\t\t\t\t<\/div>\n\t\t\t\t\t\t<\/div>\n\t\t\t\t\t\t\n\t\t\t\t\t\t<div class=\"info\">\n\t\t\t\t\t\t\t<blockquote>\n\t\t\t\t\t\t\t\t<p>Wir sind intap sehr dankbar f\u00fcr unsere reibungslose und stressfreie Relocation von den Niederlanden nach Chemnitz. Sie fanden die perfekte Wohnung, \u00fcbernahmen Anmeldungen und boten gro\u00dfartige Unterst\u00fctzung. Ihr freundliches, zuverl\u00e4ssiges Team erleichterte jeden Schritt. Dank intap haben wir uns problemlos eingelebt und empfehlen sie jedem, der nach Deutschland zieht.<\/p>\n\t\t\t\t\t\t\t\t<cite>\n\t\t\t\t\t\t\t\t\t<span class=\"name\">Regi\u0304na Bal\u0327c\u030cu\u0304ne<\/span>\n\t\t\t\t\t\t\t\t\t<span class=\"info\">Group Financial Controller, Staffbase SE<\/span>\n\t\t\t\t\t\t\t\t<\/cite>\n\t\t\t\t\t\t\t<\/blockquote>\n\t\t\t\t\t\t<\/div>\n\t\t\t\t\t<\/div>\n\t\t\t\t<\/div>\n\t\t\t\t\t\t<\/div>\n\n<\/div>\n<\/div>\n\n<\/div>\n\n\n<h2 class=\"wp-block-heading\"><mark style=\"background-color:rgba(0, 0, 0, 0)\" class=\"has-inline-color has-theme-palette-4-color\">Warum<\/mark> unser Relocation-Service?<\/h2>\n\n\n\n<h3 class=\"wp-block-heading\">S\u00e4chsiche Expertise mit starker Ortskenntnis<\/h3>\n\n\n\n<p>Wir sind ein starker Partner in Sachsen, der in kreativen L\u00f6sungen denkt und serviceorientiert arbeitet. Wir stellen sicher, dass ihr und eure Mitarbeiter sich auf das Wesentliche \u2013 n\u00e4mlich eure Aufgaben im Unternehmen \u2013 konzentrieren k\u00f6nnt. Als Relocation Dienstleister vor Ort, bieten wir euch exzellenten Service, um eine reibungslose Ankunft zu gew\u00e4hrleisten.<\/p>\n\n\n\n<h3 class=\"wp-block-heading\">360\u00b0 Relocation-Service<\/h3>\n\n\n\n<p>Von der ersten Planungsphase bis zur endg\u00fcltigen Eingew\u00f6hnung k\u00fcmmern wir uns um jedes Detail des Relocation-Prozesses. Unser Rundumservice umfasst alles von Visa und Einwanderung bis hin zur Suche nach der perfekten Wohnung, Schulen oder Kindergarten. So k\u00f6nnen sich eure Mitarbeiter auf ihre neuen Aufgaben konzentrieren, w\u00e4hrend wir uns um den Rest k\u00fcmmern. In Kombination mit unserem Beratungsangebot f\u00fcr die erfolgreiche Integration eurer Mitarbeiter begleiten wir euch auch gerne als langfristiger Partner.<\/p>\n\n\n\n<h3 class=\"wp-block-heading\">Transparente Preise &amp; Dienstleistungen<\/h3>\n\n\n\n<p>Wir glauben an den Aufbau von Beziehungen, die auf Vertrauen und Integrit\u00e4t basieren. Unser transparentes Preismodell stellt sicher, dass ihr genau wisst, wof\u00fcr ihr bezahlt, und keine versteckten Geb\u00fchren findet. Wir bieten eine klare Aufschl\u00fcsselung der Dienstleistungen, damit ihr fundierte Entscheidungen treffen k\u00f6nnt, die euch Sicherheit geben.<\/p>\n\n\n\n<div style=\"height:15px\" aria-hidden=\"true\" class=\"wp-block-spacer\"><\/div>\n\n\n\n<h2 class=\"wp-block-heading\"><mark style=\"background-color:rgba(0, 0, 0, 0)\" class=\"has-inline-color has-theme-palette-4-color\">Wollt ihr mehr<\/mark> \u00fcber unseren Relocation Service erfahren? Bucht euren Termin mit uns.<\/h2>\n\n\n\n<h3 class=\"wp-block-heading is-style-normal\">Kontakt<\/h3>\n\n\n<style>.kb-row-layout-id748_995de3-12 > .kt-row-column-wrap{align-content:start;}:where(.kb-row-layout-id748_995de3-12 > .kt-row-column-wrap) > .wp-block-kadence-column{justify-content:start;}.kb-row-layout-id748_995de3-12 > .kt-row-column-wrap{column-gap:var(--global-kb-gap-md, 2rem);row-gap:var(--global-kb-gap-md, 2rem);padding-top:var(--global-kb-spacing-sm, 1.5rem);padding-bottom:var(--global-kb-spacing-sm, 1.5rem);grid-template-columns:repeat(2, minmax(0, 1fr));}.kb-row-layout-id748_995de3-12 > .kt-row-layout-overlay{opacity:0.30;}@media all and (max-width: 1024px){.kb-row-layout-id748_995de3-12 > .kt-row-column-wrap{grid-template-columns:repeat(2, minmax(0, 1fr));}}@media all and (max-width: 767px){.kb-row-layout-id748_995de3-12 > .kt-row-column-wrap{grid-template-columns:minmax(0, 1fr);}.kb-row-layout-id748_995de3-12 > .kt-row-column-wrap > .wp-block-kadence-column:nth-child(1 of *:not(style)){order:2;}.kb-row-layout-id748_995de3-12 > .kt-row-column-wrap > .wp-block-kadence-column:nth-child(2 of *:not(style)){order:1;}.kb-row-layout-id748_995de3-12 > .kt-row-column-wrap > .wp-block-kadence-column:nth-child(3 of *:not(style)){order:12;}.kb-row-layout-id748_995de3-12 > .kt-row-column-wrap > .wp-block-kadence-column:nth-child(4 of *:not(style)){order:11;}.kb-row-layout-id748_995de3-12 > .kt-row-column-wrap > .wp-block-kadence-column:nth-child(5 of *:not(style)){order:22;}.kb-row-layout-id748_995de3-12 > .kt-row-column-wrap > .wp-block-kadence-column:nth-child(6 of *:not(style)){order:21;}.kb-row-layout-id748_995de3-12 > .kt-row-column-wrap > .wp-block-kadence-column:nth-child(7 of *:not(style)){order:32;}.kb-row-layout-id748_995de3-12 > .kt-row-column-wrap > .wp-block-kadence-column:nth-child(8 of *:not(style)){order:31;}}<\/style><div class=\"kb-row-layout-wrap kb-row-layout-id748_995de3-12 alignnone wp-block-kadence-rowlayout\"><div class=\"kt-row-column-wrap kt-has-2-columns kt-row-layout-equal kt-tab-layout-inherit kt-mobile-layout-row kt-row-valign-top\">\n<style>.kadence-column748_e34e43-b8 > .kt-inside-inner-col,.kadence-column748_e34e43-b8 > .kt-inside-inner-col:before{border-top-left-radius:0px;border-top-right-radius:0px;border-bottom-right-radius:0px;border-bottom-left-radius:0px;}.kadence-column748_e34e43-b8 > .kt-inside-inner-col{column-gap:var(--global-kb-gap-sm, 1rem);}.kadence-column748_e34e43-b8 > .kt-inside-inner-col{flex-direction:column;}.kadence-column748_e34e43-b8 > .kt-inside-inner-col > .aligncenter{width:100%;}.kadence-column748_e34e43-b8 > .kt-inside-inner-col:before{opacity:0.3;}.kadence-column748_e34e43-b8{position:relative;}@media all and (max-width: 1024px){.kadence-column748_e34e43-b8 > .kt-inside-inner-col{flex-direction:column;justify-content:center;}}@media all and (max-width: 767px){.kadence-column748_e34e43-b8 > .kt-inside-inner-col{flex-direction:column;justify-content:center;}}<\/style>\n<div class=\"wp-block-kadence-column kadence-column748_e34e43-b8 is-style-contact-column\"><div class=\"kt-inside-inner-col\">\n<p>Lernt uns kennen:<br><a href=\"https:\/\/outlook.office.com\/bookwithme\/user\/62f2b6771c5748269160035c04df2dc5%40intap-network.de\/meetingtype\/SVRwCe7HMUGxuT6WGxi68g2?anonymous&amp;ismsaljsauthenabled=true\" target=\"_blank\" data-type=\"link\" data-id=\"https:\/\/outlook.office365.com\/book\/intapnetwork@intap-network.de\/\" rel=\"noreferrer noopener\">Online-Meeting buchen<\/a><\/p>\n\n\n\n<p>Telefon:<br><a href=\"tel:004935179991440\">+49 351 79991440<\/a><\/p>\n\n\n\n<p>E-Mail:<br><a href=\"mailto:sw@intap-network.de\">sw@intap-network.de<\/a><\/p>\n<\/div><\/div>\n\n\n<style>.kadence-column748_a84108-ba > .kt-inside-inner-col,.kadence-column748_a84108-ba > .kt-inside-inner-col:before{border-top-left-radius:0px;border-top-right-radius:0px;border-bottom-right-radius:0px;border-bottom-left-radius:0px;}.kadence-column748_a84108-ba > .kt-inside-inner-col{column-gap:var(--global-kb-gap-sm, 1rem);}.kadence-column748_a84108-ba > .kt-inside-inner-col{flex-direction:column;}.kadence-column748_a84108-ba > .kt-inside-inner-col > .aligncenter{width:100%;}.kadence-column748_a84108-ba > .kt-inside-inner-col:before{opacity:0.3;}.kadence-column748_a84108-ba{position:relative;}@media all and (max-width: 1024px){.kadence-column748_a84108-ba > .kt-inside-inner-col{flex-direction:column;justify-content:center;}}@media all and (max-width: 767px){.kadence-column748_a84108-ba > .kt-inside-inner-col{flex-direction:column;justify-content:center;}}<\/style>\n<div class=\"wp-block-kadence-column kadence-column748_a84108-ba\"><div class=\"kt-inside-inner-col\"><div class=\"intap-person\">\n\t\n<div class=\"wp-block-image is-style-rounded\">\n<figure class=\"aligncenter size-full\">\n\t\t<img loading=\"lazy\" decoding=\"async\" width=\"164\" height=\"164\" src=\"https:\/\/intap-network.de\/wp-content\/uploads\/2025\/03\/portrait_sabine_werder_01.jpg\" alt=\"Sabine Werder\" \/>\n<\/figure>\n<\/div>\n\n<p class=\"has-text-align-center\"><strong>Sabine Werder<\/strong><br>Head of Relocation<\/p>\n\n<\/div>\n\n\n\n<\/div><\/div>\n\n<\/div><\/div>\n\n\n<p><\/p>\n","protected":false},"excerpt":{"rendered":"<p>Alles aus einer Hand \u2013 kompetenter Relocation-Service aus Sachsen Wir realisieren alle Dienstleistungen rund um die Entsendung von Mitarbeitern oder Neueinstellungen aus dem Ausland bzw. von anderen Standorten. Ein Neustart ist mit vielen Details verbunden, die bereits fr\u00fchzeitig geplant werden m\u00fcssen, so dass der Wechsel gut gelingt. Damit ihr dabei nicht den \u00dcberblick verliert oder&#8230;<\/p>\n","protected":false},"author":1,"featured_media":0,"parent":0,"menu_order":10,"comment_status":"closed","ping_status":"closed","template":"","meta":{"_acf_changed":false,"_kad_post_transparent":"","_kad_post_title":"","_kad_post_layout":"","_kad_post_sidebar_id":"","_kad_post_content_style":"","_kad_post_vertical_padding":"","_kad_post_feature":"","_kad_post_feature_position":"","_kad_post_header":false,"_kad_post_footer":false,"_kad_post_classname":"","footnotes":""},"class_list":["post-748","page","type-page","status-publish","hentry"],"acf":[],"_links":{"self":[{"href":"https:\/\/intap-network.de\/de\/wp-json\/wp\/v2\/pages\/748","targetHints":{"allow":["GET"]}}],"collection":[{"href":"https:\/\/intap-network.de\/de\/wp-json\/wp\/v2\/pages"}],"about":[{"href":"https:\/\/intap-network.de\/de\/wp-json\/wp\/v2\/types\/page"}],"author":[{"embeddable":true,"href":"https:\/\/intap-network.de\/de\/wp-json\/wp\/v2\/users\/1"}],"replies":[{"embeddable":true,"href":"https:\/\/intap-network.de\/de\/wp-json\/wp\/v2\/comments?post=748"}],"version-history":[{"count":19,"href":"https:\/\/intap-network.de\/de\/wp-json\/wp\/v2\/pages\/748\/revisions"}],"predecessor-version":[{"id":2241,"href":"https:\/\/intap-network.de\/de\/wp-json\/wp\/v2\/pages\/748\/revisions\/2241"}],"wp:attachment":[{"href":"https:\/\/intap-network.de\/de\/wp-json\/wp\/v2\/media?parent=748"}],"curies":[{"name":"wp","href":"https:\/\/api.w.org\/{rel}","templated":true}]}}